{"id":254,"date":"2025-07-31T16:12:08","date_gmt":"2025-07-31T19:12:08","guid":{"rendered":"https:\/\/staging1.criacomhugo.com\/?page_id=254"},"modified":"2025-08-01T01:45:52","modified_gmt":"2025-08-01T04:45:52","slug":"blog","status":"publish","type":"page","link":"https:\/\/staging1.criacomhugo.com\/index.php\/blog\/","title":{"rendered":"Blog"},"content":{"rendered":"\t\t<div data-elementor-type=\"wp-page\" data-elementor-id=\"254\" class=\"elementor elementor-254\" data-elementor-post-type=\"page\">\n\t\t\t\t<div class=\"elementor-element elementor-element-43688bfe e-flex e-con-boxed e-con e-parent\" data-id=\"43688bfe\" data-element_type=\"container\" data-settings=\"{&quot;background_background&quot;:&quot;classic&quot;}\">\n\t\t\t\t\t<div class=\"e-con-inner\">\n\t\t\t\t<div class=\"elementor-element elementor-element-592738d elementor-widget__width-inherit elementor-widget elementor-widget-heading\" data-id=\"592738d\" data-element_type=\"widget\" data-widget_type=\"heading.default\">\n\t\t\t\t\t<h2 class=\"elementor-heading-title elementor-size-default\">Blog<\/h2>\t\t\t\t<\/div>\n\t\t\t\t\t<\/div>\n\t\t\t\t<\/div>\n\t\t<div class=\"elementor-element elementor-element-f66d016 e-flex e-con-boxed e-con e-parent\" data-id=\"f66d016\" data-element_type=\"container\">\n\t\t\t\t\t<div class=\"e-con-inner\">\n\t\t\t\t<div class=\"elementor-element elementor-element-304e478 elementor-grid-3 elementor-grid-tablet-2 elementor-grid-mobile-1 elementor-posts--thumbnail-top load-more-align-center elementor-widget elementor-widget-posts\" data-id=\"304e478\" data-element_type=\"widget\" data-settings=\"{&quot;pagination_type&quot;:&quot;load_more_on_click&quot;,&quot;classic_columns&quot;:&quot;3&quot;,&quot;classic_columns_tablet&quot;:&quot;2&quot;,&quot;classic_columns_mobile&quot;:&quot;1&quot;,&quot;classic_row_gap&quot;:{&quot;unit&quot;:&quot;px&quot;,&quot;size&quot;:35,&quot;sizes&quot;:[]},&quot;classic_row_gap_tablet&quot;:{&quot;unit&quot;:&quot;px&quot;,&quot;size&quot;:&quot;&quot;,&quot;sizes&quot;:[]},&quot;classic_row_gap_mobile&quot;:{&quot;unit&quot;:&quot;px&quot;,&quot;size&quot;:&quot;&quot;,&quot;sizes&quot;:[]},&quot;load_more_spinner&quot;:{&quot;value&quot;:&quot;fas fa-spinner&quot;,&quot;library&quot;:&quot;fa-solid&quot;}}\" data-widget_type=\"posts.classic\">\n\t\t\t\t<div class=\"elementor-widget-container\">\n\t\t\t\t\t\t\t<div class=\"elementor-posts-container elementor-posts elementor-posts--skin-classic elementor-grid\" role=\"list\">\n\t\t\t\t<article class=\"elementor-post elementor-grid-item post-216 post type-post status-publish format-standard has-post-thumbnail hentry category-trabalhista\" role=\"listitem\">\n\t\t\t\t<a class=\"elementor-post__thumbnail__link\" href=\"https:\/\/staging1.criacomhugo.com\/index.php\/2025\/07\/30\/os-5-erros-mais-comuns-em-contratos-e-como-evita-los\/\" tabindex=\"-1\" >\n\t\t\t<div class=\"elementor-post__thumbnail\"><img fetchpriority=\"high\" decoding=\"async\" width=\"400\" height=\"300\" src=\"https:\/\/staging1.criacomhugo.com\/wp-content\/uploads\/2025\/07\/0-1.jpg\" class=\"attachment-full size-full wp-image-203\" alt=\"\" srcset=\"https:\/\/staging1.criacomhugo.com\/wp-content\/uploads\/2025\/07\/0-1.jpg 400w, https:\/\/staging1.criacomhugo.com\/wp-content\/uploads\/2025\/07\/0-1-300x225.jpg 300w\" sizes=\"(max-width: 400px) 100vw, 400px\" \/><\/div>\n\t\t<\/a>\n\t\t\t\t<div class=\"elementor-post__text\">\n\t\t\t\t<h3 class=\"elementor-post__title\">\n\t\t\t<a href=\"https:\/\/staging1.criacomhugo.com\/index.php\/2025\/07\/30\/os-5-erros-mais-comuns-em-contratos-e-como-evita-los\/\" >\n\t\t\t\tOs 5 erros mais comuns em contratos e como evit\u00e1-los\t\t\t<\/a>\n\t\t<\/h3>\n\t\t\t\t<div class=\"elementor-post__meta-data\">\n\t\t\t\t\t<span class=\"elementor-post-date\">\n\t\t\t30 de julho de 2025\t\t<\/span>\n\t\t\t\t<\/div>\n\t\t\t\t<div class=\"elementor-post__excerpt\">\n\t\t\t<p>Lorem ipsum dolor sit amet, consectetur adipiscing elit. Nulla non purus sed odio fringilla cursus. Fusce a nibh tellus. Nunc sagittis libero rutrum dictum ultricies. Praesent at enim et nisl<\/p>\n\t\t<\/div>\n\t\t\n\t\t<a class=\"elementor-post__read-more\" href=\"https:\/\/staging1.criacomhugo.com\/index.php\/2025\/07\/30\/os-5-erros-mais-comuns-em-contratos-e-como-evita-los\/\" aria-label=\"Leia mais sobre Os 5 erros mais comuns em contratos e como evit\u00e1-los\" tabindex=\"-1\" >\n\t\t\tLeia mais \u00bb\t\t<\/a>\n\n\t\t\t\t<\/div>\n\t\t\t\t<\/article>\n\t\t\t\t<article class=\"elementor-post elementor-grid-item post-213 post type-post status-publish format-standard has-post-thumbnail hentry category-consumidor\" role=\"listitem\">\n\t\t\t\t<a class=\"elementor-post__thumbnail__link\" href=\"https:\/\/staging1.criacomhugo.com\/index.php\/2025\/07\/30\/direitos-do-consumidor-o-que-voce-precisa-saber\/\" tabindex=\"-1\" >\n\t\t\t<div class=\"elementor-post__thumbnail\"><img decoding=\"async\" width=\"400\" height=\"300\" data-src=\"https:\/\/staging1.criacomhugo.com\/wp-content\/uploads\/2025\/07\/Artboard-1-copy-4.jpg\" class=\"attachment-full size-full wp-image-207 lazyload\" alt=\"\" data-srcset=\"https:\/\/staging1.criacomhugo.com\/wp-content\/uploads\/2025\/07\/Artboard-1-copy-4.jpg 400w, https:\/\/staging1.criacomhugo.com\/wp-content\/uploads\/2025\/07\/Artboard-1-copy-4-300x225.jpg 300w\" data-sizes=\"(max-width: 400px) 100vw, 400px\" src=\"data:image\/svg+xml;base64,PHN2ZyB3aWR0aD0iMSIgaGVpZ2h0PSIxIiB4bWxucz0iaHR0cDovL3d3dy53My5vcmcvMjAwMC9zdmciPjwvc3ZnPg==\" style=\"--smush-placeholder-width: 400px; --smush-placeholder-aspect-ratio: 400\/300;\" \/><\/div>\n\t\t<\/a>\n\t\t\t\t<div class=\"elementor-post__text\">\n\t\t\t\t<h3 class=\"elementor-post__title\">\n\t\t\t<a href=\"https:\/\/staging1.criacomhugo.com\/index.php\/2025\/07\/30\/direitos-do-consumidor-o-que-voce-precisa-saber\/\" >\n\t\t\t\tDireitos do consumidor: O que voc\u00ea precisa saber?\t\t\t<\/a>\n\t\t<\/h3>\n\t\t\t\t<div class=\"elementor-post__meta-data\">\n\t\t\t\t\t<span class=\"elementor-post-date\">\n\t\t\t30 de julho de 2025\t\t<\/span>\n\t\t\t\t<\/div>\n\t\t\t\t<div class=\"elementor-post__excerpt\">\n\t\t\t<p>Lorem ipsum dolor sit amet, consectetur adipiscing elit. Nulla non purus sed odio fringilla cursus. Fusce a nibh tellus. Nunc sagittis libero rutrum dictum ultricies. Praesent at enim et nisl<\/p>\n\t\t<\/div>\n\t\t\n\t\t<a class=\"elementor-post__read-more\" href=\"https:\/\/staging1.criacomhugo.com\/index.php\/2025\/07\/30\/direitos-do-consumidor-o-que-voce-precisa-saber\/\" aria-label=\"Leia mais sobre Direitos do consumidor: O que voc\u00ea precisa saber?\" tabindex=\"-1\" >\n\t\t\tLeia mais \u00bb\t\t<\/a>\n\n\t\t\t\t<\/div>\n\t\t\t\t<\/article>\n\t\t\t\t<article class=\"elementor-post elementor-grid-item post-211 post type-post status-publish format-standard has-post-thumbnail hentry category-familia\" role=\"listitem\">\n\t\t\t\t<a class=\"elementor-post__thumbnail__link\" href=\"https:\/\/staging1.criacomhugo.com\/index.php\/2025\/07\/30\/como-funciona-o-divorcio-no-brasil-um-guia-passo-a-passo\/\" tabindex=\"-1\" >\n\t\t\t<div class=\"elementor-post__thumbnail\"><img decoding=\"async\" width=\"400\" height=\"300\" data-src=\"https:\/\/staging1.criacomhugo.com\/wp-content\/uploads\/2025\/07\/0-2.jpg\" class=\"attachment-full size-full wp-image-204 lazyload\" alt=\"\" data-srcset=\"https:\/\/staging1.criacomhugo.com\/wp-content\/uploads\/2025\/07\/0-2.jpg 400w, https:\/\/staging1.criacomhugo.com\/wp-content\/uploads\/2025\/07\/0-2-300x225.jpg 300w\" data-sizes=\"(max-width: 400px) 100vw, 400px\" src=\"data:image\/svg+xml;base64,PHN2ZyB3aWR0aD0iMSIgaGVpZ2h0PSIxIiB4bWxucz0iaHR0cDovL3d3dy53My5vcmcvMjAwMC9zdmciPjwvc3ZnPg==\" style=\"--smush-placeholder-width: 400px; --smush-placeholder-aspect-ratio: 400\/300;\" \/><\/div>\n\t\t<\/a>\n\t\t\t\t<div class=\"elementor-post__text\">\n\t\t\t\t<h3 class=\"elementor-post__title\">\n\t\t\t<a href=\"https:\/\/staging1.criacomhugo.com\/index.php\/2025\/07\/30\/como-funciona-o-divorcio-no-brasil-um-guia-passo-a-passo\/\" >\n\t\t\t\tComo funciona o div\u00f3rcio no Brasil: Um guia passo a passo\t\t\t<\/a>\n\t\t<\/h3>\n\t\t\t\t<div class=\"elementor-post__meta-data\">\n\t\t\t\t\t<span class=\"elementor-post-date\">\n\t\t\t30 de julho de 2025\t\t<\/span>\n\t\t\t\t<\/div>\n\t\t\t\t<div class=\"elementor-post__excerpt\">\n\t\t\t<p>Lorem ipsum dolor sit amet, consectetur adipiscing elit. Nulla non purus sed odio fringilla cursus. Fusce a nibh tellus. Nunc sagittis libero rutrum dictum ultricies. Praesent at enim et nisl<\/p>\n\t\t<\/div>\n\t\t\n\t\t<a class=\"elementor-post__read-more\" href=\"https:\/\/staging1.criacomhugo.com\/index.php\/2025\/07\/30\/como-funciona-o-divorcio-no-brasil-um-guia-passo-a-passo\/\" aria-label=\"Leia mais sobre Como funciona o div\u00f3rcio no Brasil: Um guia passo a passo\" tabindex=\"-1\" >\n\t\t\tLeia mais \u00bb\t\t<\/a>\n\n\t\t\t\t<\/div>\n\t\t\t\t<\/article>\n\t\t\t\t<article class=\"elementor-post elementor-grid-item post-209 post type-post status-publish format-standard has-post-thumbnail hentry category-familia\" role=\"listitem\">\n\t\t\t\t<a class=\"elementor-post__thumbnail__link\" href=\"https:\/\/staging1.criacomhugo.com\/index.php\/2025\/07\/30\/inventario-e-partilha-de-bens-o-que-voce-deve-saber\/\" tabindex=\"-1\" >\n\t\t\t<div class=\"elementor-post__thumbnail\"><img decoding=\"async\" width=\"400\" height=\"300\" data-src=\"https:\/\/staging1.criacomhugo.com\/wp-content\/uploads\/2025\/07\/0-3.jpg\" class=\"attachment-full size-full wp-image-205 lazyload\" alt=\"\" data-srcset=\"https:\/\/staging1.criacomhugo.com\/wp-content\/uploads\/2025\/07\/0-3.jpg 400w, https:\/\/staging1.criacomhugo.com\/wp-content\/uploads\/2025\/07\/0-3-300x225.jpg 300w\" data-sizes=\"(max-width: 400px) 100vw, 400px\" src=\"data:image\/svg+xml;base64,PHN2ZyB3aWR0aD0iMSIgaGVpZ2h0PSIxIiB4bWxucz0iaHR0cDovL3d3dy53My5vcmcvMjAwMC9zdmciPjwvc3ZnPg==\" style=\"--smush-placeholder-width: 400px; --smush-placeholder-aspect-ratio: 400\/300;\" \/><\/div>\n\t\t<\/a>\n\t\t\t\t<div class=\"elementor-post__text\">\n\t\t\t\t<h3 class=\"elementor-post__title\">\n\t\t\t<a href=\"https:\/\/staging1.criacomhugo.com\/index.php\/2025\/07\/30\/inventario-e-partilha-de-bens-o-que-voce-deve-saber\/\" >\n\t\t\t\tInvent\u00e1rio e partilha de bens: O que voc\u00ea deve saber\t\t\t<\/a>\n\t\t<\/h3>\n\t\t\t\t<div class=\"elementor-post__meta-data\">\n\t\t\t\t\t<span class=\"elementor-post-date\">\n\t\t\t30 de julho de 2025\t\t<\/span>\n\t\t\t\t<\/div>\n\t\t\t\t<div class=\"elementor-post__excerpt\">\n\t\t\t<p>Lorem ipsum dolor sit amet, consectetur adipiscing elit. Nulla non purus sed odio fringilla cursus. Fusce a nibh tellus. Nunc sagittis libero rutrum dictum ultricies. Praesent at enim et nisl<\/p>\n\t\t<\/div>\n\t\t\n\t\t<a class=\"elementor-post__read-more\" href=\"https:\/\/staging1.criacomhugo.com\/index.php\/2025\/07\/30\/inventario-e-partilha-de-bens-o-que-voce-deve-saber\/\" aria-label=\"Leia mais sobre Invent\u00e1rio e partilha de bens: O que voc\u00ea deve saber\" tabindex=\"-1\" >\n\t\t\tLeia mais \u00bb\t\t<\/a>\n\n\t\t\t\t<\/div>\n\t\t\t\t<\/article>\n\t\t\t\t<article class=\"elementor-post elementor-grid-item post-202 post type-post status-publish format-standard has-post-thumbnail hentry category-geral\" role=\"listitem\">\n\t\t\t\t<a class=\"elementor-post__thumbnail__link\" href=\"https:\/\/staging1.criacomhugo.com\/index.php\/2025\/07\/30\/entenda-o-que-e-compliance-e-sua-importancia-para-empresas\/\" tabindex=\"-1\" >\n\t\t\t<div class=\"elementor-post__thumbnail\"><img decoding=\"async\" width=\"400\" height=\"300\" data-src=\"https:\/\/staging1.criacomhugo.com\/wp-content\/uploads\/2025\/07\/0-4.jpg\" class=\"attachment-full size-full wp-image-206 lazyload\" alt=\"\" data-srcset=\"https:\/\/staging1.criacomhugo.com\/wp-content\/uploads\/2025\/07\/0-4.jpg 400w, https:\/\/staging1.criacomhugo.com\/wp-content\/uploads\/2025\/07\/0-4-300x225.jpg 300w\" data-sizes=\"(max-width: 400px) 100vw, 400px\" src=\"data:image\/svg+xml;base64,PHN2ZyB3aWR0aD0iMSIgaGVpZ2h0PSIxIiB4bWxucz0iaHR0cDovL3d3dy53My5vcmcvMjAwMC9zdmciPjwvc3ZnPg==\" style=\"--smush-placeholder-width: 400px; --smush-placeholder-aspect-ratio: 400\/300;\" \/><\/div>\n\t\t<\/a>\n\t\t\t\t<div class=\"elementor-post__text\">\n\t\t\t\t<h3 class=\"elementor-post__title\">\n\t\t\t<a href=\"https:\/\/staging1.criacomhugo.com\/index.php\/2025\/07\/30\/entenda-o-que-e-compliance-e-sua-importancia-para-empresas\/\" >\n\t\t\t\tEntenda o que \u00e9 compliance e sua import\u00e2ncia para empresas\t\t\t<\/a>\n\t\t<\/h3>\n\t\t\t\t<div class=\"elementor-post__meta-data\">\n\t\t\t\t\t<span class=\"elementor-post-date\">\n\t\t\t30 de julho de 2025\t\t<\/span>\n\t\t\t\t<\/div>\n\t\t\t\t<div class=\"elementor-post__excerpt\">\n\t\t\t<p>Lorem ipsum dolor sit amet, consectetur adipiscing elit. Nulla non purus sed odio fringilla cursus. Fusce a nibh tellus. Nunc sagittis libero rutrum dictum ultricies. Praesent at enim et nisl<\/p>\n\t\t<\/div>\n\t\t\n\t\t<a class=\"elementor-post__read-more\" href=\"https:\/\/staging1.criacomhugo.com\/index.php\/2025\/07\/30\/entenda-o-que-e-compliance-e-sua-importancia-para-empresas\/\" aria-label=\"Leia mais sobre Entenda o que \u00e9 compliance e sua import\u00e2ncia para empresas\" tabindex=\"-1\" >\n\t\t\tLeia mais \u00bb\t\t<\/a>\n\n\t\t\t\t<\/div>\n\t\t\t\t<\/article>\n\t\t\t\t<article class=\"elementor-post elementor-grid-item post-220 post type-post status-publish format-standard has-post-thumbnail hentry category-imobiliaria\" role=\"listitem\">\n\t\t\t\t<a class=\"elementor-post__thumbnail__link\" href=\"https:\/\/staging1.criacomhugo.com\/index.php\/2025\/06\/30\/exemplo2\/\" tabindex=\"-1\" >\n\t\t\t<div class=\"elementor-post__thumbnail\"><img decoding=\"async\" width=\"400\" height=\"300\" data-src=\"https:\/\/staging1.criacomhugo.com\/wp-content\/uploads\/2025\/07\/0-3.jpg\" class=\"attachment-full size-full wp-image-205 lazyload\" alt=\"\" data-srcset=\"https:\/\/staging1.criacomhugo.com\/wp-content\/uploads\/2025\/07\/0-3.jpg 400w, https:\/\/staging1.criacomhugo.com\/wp-content\/uploads\/2025\/07\/0-3-300x225.jpg 300w\" data-sizes=\"(max-width: 400px) 100vw, 400px\" src=\"data:image\/svg+xml;base64,PHN2ZyB3aWR0aD0iMSIgaGVpZ2h0PSIxIiB4bWxucz0iaHR0cDovL3d3dy53My5vcmcvMjAwMC9zdmciPjwvc3ZnPg==\" style=\"--smush-placeholder-width: 400px; --smush-placeholder-aspect-ratio: 400\/300;\" \/><\/div>\n\t\t<\/a>\n\t\t\t\t<div class=\"elementor-post__text\">\n\t\t\t\t<h3 class=\"elementor-post__title\">\n\t\t\t<a href=\"https:\/\/staging1.criacomhugo.com\/index.php\/2025\/06\/30\/exemplo2\/\" >\n\t\t\t\tExemplo2\t\t\t<\/a>\n\t\t<\/h3>\n\t\t\t\t<div class=\"elementor-post__meta-data\">\n\t\t\t\t\t<span class=\"elementor-post-date\">\n\t\t\t30 de junho de 2025\t\t<\/span>\n\t\t\t\t<\/div>\n\t\t\t\t<div class=\"elementor-post__excerpt\">\n\t\t\t<p>Lorem ipsum dolor sit amet, consectetur adipiscing elit. Nulla non purus sed odio fringilla cursus. Fusce a nibh tellus. Nunc sagittis libero rutrum dictum ultricies. Praesent at enim et nisl<\/p>\n\t\t<\/div>\n\t\t\n\t\t<a class=\"elementor-post__read-more\" href=\"https:\/\/staging1.criacomhugo.com\/index.php\/2025\/06\/30\/exemplo2\/\" aria-label=\"Leia mais sobre Exemplo2\" tabindex=\"-1\" >\n\t\t\tLeia mais \u00bb\t\t<\/a>\n\n\t\t\t\t<\/div>\n\t\t\t\t<\/article>\n\t\t\t\t<\/div>\n\t\t\t\t\t<span class=\"e-load-more-spinner\">\n\t\t\t\t<svg aria-hidden=\"true\" class=\"e-font-icon-svg e-fas-spinner\" viewBox=\"0 0 512 512\" xmlns=\"http:\/\/www.w3.org\/2000\/svg\"><path d=\"M304 48c0 26.51-21.49 48-48 48s-48-21.49-48-48 21.49-48 48-48 48 21.49 48 48zm-48 368c-26.51 0-48 21.49-48 48s21.49 48 48 48 48-21.49 48-48-21.49-48-48-48zm208-208c-26.51 0-48 21.49-48 48s21.49 48 48 48 48-21.49 48-48-21.49-48-48-48zM96 256c0-26.51-21.49-48-48-48S0 229.49 0 256s21.49 48 48 48 48-21.49 48-48zm12.922 99.078c-26.51 0-48 21.49-48 48s21.49 48 48 48 48-21.49 48-48c0-26.509-21.491-48-48-48zm294.156 0c-26.51 0-48 21.49-48 48s21.49 48 48 48 48-21.49 48-48c0-26.509-21.49-48-48-48zM108.922 60.922c-26.51 0-48 21.49-48 48s21.49 48 48 48 48-21.49 48-48-21.491-48-48-48z\"><\/path><\/svg>\t\t\t<\/span>\n\t\t\n\t\t\t\t<div class=\"e-load-more-anchor\" data-page=\"1\" data-max-page=\"2\" data-next-page=\"https:\/\/staging1.criacomhugo.com\/index.php\/wp-json\/wp\/v2\/pages\/254\/page\/2\/\"><\/div>\n\t\t\t\t<div class=\"elementor-button-wrapper\">\n\t\t\t<a href=\"#\" class=\"elementor-button-link elementor-button\" role=\"button\">\n\t\t\t\t\t\t<span class=\"elementor-button-content-wrapper\">\n\t\t\t\t\t\t\t<span class=\"elementor-button-icon\">\n\t\t\t\t<svg aria-hidden=\"true\" class=\"e-font-icon-svg e-far-arrow-alt-circle-down\" viewBox=\"0 0 512 512\" xmlns=\"http:\/\/www.w3.org\/2000\/svg\"><path d=\"M256 8C119 8 8 119 8 256s111 248 248 248 248-111 248-248S393 8 256 8zm0 448c-110.5 0-200-89.5-200-200S145.5 56 256 56s200 89.5 200 200-89.5 200-200 200zm-32-316v116h-67c-10.7 0-16 12.9-8.5 20.5l99 99c4.7 4.7 12.3 4.7 17 0l99-99c7.6-7.6 2.2-20.5-8.5-20.5h-67V140c0-6.6-5.4-12-12-12h-40c-6.6 0-12 5.4-12 12z\"><\/path><\/svg>\t\t\t<\/span>\n\t\t\t\t\t\t\t\t\t<span class=\"elementor-button-text\">Carregar mais<\/span>\n\t\t\t\t\t<\/span>\n\t\t\t\t\t<\/a>\n\t\t<\/div>\n\t\t\t\t<div class=\"e-load-more-message\"><\/div>\n\t\t\t\t\t\t<\/div>\n\t\t\t\t<\/div>\n\t\t\t\t\t<\/div>\n\t\t\t\t<\/div>\n\t\t\t\t<\/div>\n\t\t","protected":false},"excerpt":{"rendered":"<p>Blog<\/p>\n","protected":false},"author":1,"featured_media":0,"parent":0,"menu_order":0,"comment_status":"closed","ping_status":"closed","template":"","meta":{"footnotes":""},"class_list":["post-254","page","type-page","status-publish","hentry"],"yoast_head":"<!-- This site is optimized with the Yoast SEO plugin v25.6 - https:\/\/yoast.com\/wordpress\/plugins\/seo\/ -->\n<title>Blog - Sua voz pela justi\u00e7a<\/title>\n<meta name=\"robots\" content=\"index, follow, max-snippet:-1, max-image-preview:large, max-video-preview:-1\" \/>\n<link rel=\"canonical\" href=\"https:\/\/staging1.criacomhugo.com\/index.php\/blog\/\" \/>\n<meta property=\"og:locale\" content=\"pt_BR\" \/>\n<meta property=\"og:type\" content=\"article\" \/>\n<meta property=\"og:title\" content=\"Advogados - Sua voz pela justi\u00e7a\" \/>\n<meta property=\"og:description\" content=\"Advogados - Sua voz pela justi\u00e7a\" \/>\n<meta property=\"og:url\" content=\"https:\/\/staging1.criacomhugo.com\/index.php\/blog\/\" \/>\n<meta property=\"og:site_name\" content=\"Advogados - Sua voz pela justi\u00e7a\" \/>\n<meta property=\"article:modified_time\" content=\"2025-08-01T04:45:52+00:00\" \/>\n<meta property=\"og:image\" content=\"https:\/\/staging1.criacomhugo.com\/wp-content\/uploads\/2025\/07\/Estastua.png\" \/>\n\t<meta property=\"og:image:width\" content=\"650\" \/>\n\t<meta property=\"og:image:height\" content=\"800\" \/>\n\t<meta property=\"og:image:type\" content=\"image\/png\" \/>\n<meta name=\"twitter:card\" content=\"summary_large_image\" \/>\n<meta name=\"twitter:label1\" content=\"Est. tempo de leitura\" \/>\n\t<meta name=\"twitter:data1\" content=\"1 minuto\" \/>\n<script type=\"application\/ld+json\" class=\"yoast-schema-graph\">{\"@context\":\"https:\/\/schema.org\",\"@graph\":[{\"@type\":\"WebPage\",\"@id\":\"https:\/\/staging1.criacomhugo.com\/index.php\/blog\/\",\"url\":\"https:\/\/staging1.criacomhugo.com\/index.php\/blog\/\",\"name\":\"Blog - Sua voz pela justi\u00e7a\",\"isPartOf\":{\"@id\":\"https:\/\/staging1.criacomhugo.com\/#website\"},\"datePublished\":\"2025-07-31T19:12:08+00:00\",\"dateModified\":\"2025-08-01T04:45:52+00:00\",\"breadcrumb\":{\"@id\":\"https:\/\/staging1.criacomhugo.com\/index.php\/blog\/#breadcrumb\"},\"inLanguage\":\"pt-BR\",\"potentialAction\":[{\"@type\":\"ReadAction\",\"target\":[\"https:\/\/staging1.criacomhugo.com\/index.php\/blog\/\"]}]},{\"@type\":\"BreadcrumbList\",\"@id\":\"https:\/\/staging1.criacomhugo.com\/index.php\/blog\/#breadcrumb\",\"itemListElement\":[{\"@type\":\"ListItem\",\"position\":1,\"name\":\"In\u00edcio\",\"item\":\"https:\/\/staging1.criacomhugo.com\/\"},{\"@type\":\"ListItem\",\"position\":2,\"name\":\"Blog\"}]},{\"@type\":\"WebSite\",\"@id\":\"https:\/\/staging1.criacomhugo.com\/#website\",\"url\":\"https:\/\/staging1.criacomhugo.com\/\",\"name\":\"Advogados - Sua voz pela justi\u00e7a\",\"description\":\"Estamos aqui para lutar contra qualquer viola\u00e7\u00e3o judicial\",\"publisher\":{\"@id\":\"https:\/\/staging1.criacomhugo.com\/#organization\"},\"potentialAction\":[{\"@type\":\"SearchAction\",\"target\":{\"@type\":\"EntryPoint\",\"urlTemplate\":\"https:\/\/staging1.criacomhugo.com\/?s={search_term_string}\"},\"query-input\":{\"@type\":\"PropertyValueSpecification\",\"valueRequired\":true,\"valueName\":\"search_term_string\"}}],\"inLanguage\":\"pt-BR\"},{\"@type\":\"Organization\",\"@id\":\"https:\/\/staging1.criacomhugo.com\/#organization\",\"name\":\"Advogados - Sua voz pela justi\u00e7a\",\"url\":\"https:\/\/staging1.criacomhugo.com\/\",\"logo\":{\"@type\":\"ImageObject\",\"inLanguage\":\"pt-BR\",\"@id\":\"https:\/\/staging1.criacomhugo.com\/#\/schema\/logo\/image\/\",\"url\":\"https:\/\/staging1.criacomhugo.com\/wp-content\/uploads\/2025\/07\/click.png\",\"contentUrl\":\"https:\/\/staging1.criacomhugo.com\/wp-content\/uploads\/2025\/07\/click.png\",\"width\":600,\"height\":177,\"caption\":\"Advogados - Sua voz pela justi\u00e7a\"},\"image\":{\"@id\":\"https:\/\/staging1.criacomhugo.com\/#\/schema\/logo\/image\/\"}}]}<\/script>\n<!-- \/ Yoast SEO plugin. -->","yoast_head_json":{"title":"Blog - Sua voz pela justi\u00e7a","robots":{"index":"index","follow":"follow","max-snippet":"max-snippet:-1","max-image-preview":"max-image-preview:large","max-video-preview":"max-video-preview:-1"},"canonical":"https:\/\/staging1.criacomhugo.com\/index.php\/blog\/","og_locale":"pt_BR","og_type":"article","og_title":"Advogados - Sua voz pela justi\u00e7a","og_description":"Advogados - Sua voz pela justi\u00e7a","og_url":"https:\/\/staging1.criacomhugo.com\/index.php\/blog\/","og_site_name":"Advogados - Sua voz pela justi\u00e7a","article_modified_time":"2025-08-01T04:45:52+00:00","og_image":[{"width":650,"height":800,"url":"https:\/\/staging1.criacomhugo.com\/wp-content\/uploads\/2025\/07\/Estastua.png","type":"image\/png"}],"twitter_card":"summary_large_image","twitter_misc":{"Est. tempo de leitura":"1 minuto"},"schema":{"@context":"https:\/\/schema.org","@graph":[{"@type":"WebPage","@id":"https:\/\/staging1.criacomhugo.com\/index.php\/blog\/","url":"https:\/\/staging1.criacomhugo.com\/index.php\/blog\/","name":"Blog - Sua voz pela justi\u00e7a","isPartOf":{"@id":"https:\/\/staging1.criacomhugo.com\/#website"},"datePublished":"2025-07-31T19:12:08+00:00","dateModified":"2025-08-01T04:45:52+00:00","breadcrumb":{"@id":"https:\/\/staging1.criacomhugo.com\/index.php\/blog\/#breadcrumb"},"inLanguage":"pt-BR","potentialAction":[{"@type":"ReadAction","target":["https:\/\/staging1.criacomhugo.com\/index.php\/blog\/"]}]},{"@type":"BreadcrumbList","@id":"https:\/\/staging1.criacomhugo.com\/index.php\/blog\/#breadcrumb","itemListElement":[{"@type":"ListItem","position":1,"name":"In\u00edcio","item":"https:\/\/staging1.criacomhugo.com\/"},{"@type":"ListItem","position":2,"name":"Blog"}]},{"@type":"WebSite","@id":"https:\/\/staging1.criacomhugo.com\/#website","url":"https:\/\/staging1.criacomhugo.com\/","name":"Advogados - Sua voz pela justi\u00e7a","description":"Estamos aqui para lutar contra qualquer viola\u00e7\u00e3o judicial","publisher":{"@id":"https:\/\/staging1.criacomhugo.com\/#organization"},"potentialAction":[{"@type":"SearchAction","target":{"@type":"EntryPoint","urlTemplate":"https:\/\/staging1.criacomhugo.com\/?s={search_term_string}"},"query-input":{"@type":"PropertyValueSpecification","valueRequired":true,"valueName":"search_term_string"}}],"inLanguage":"pt-BR"},{"@type":"Organization","@id":"https:\/\/staging1.criacomhugo.com\/#organization","name":"Advogados - Sua voz pela justi\u00e7a","url":"https:\/\/staging1.criacomhugo.com\/","logo":{"@type":"ImageObject","inLanguage":"pt-BR","@id":"https:\/\/staging1.criacomhugo.com\/#\/schema\/logo\/image\/","url":"https:\/\/staging1.criacomhugo.com\/wp-content\/uploads\/2025\/07\/click.png","contentUrl":"https:\/\/staging1.criacomhugo.com\/wp-content\/uploads\/2025\/07\/click.png","width":600,"height":177,"caption":"Advogados - Sua voz pela justi\u00e7a"},"image":{"@id":"https:\/\/staging1.criacomhugo.com\/#\/schema\/logo\/image\/"}}]}},"_links":{"self":[{"href":"https:\/\/staging1.criacomhugo.com\/index.php\/wp-json\/wp\/v2\/pages\/254","targetHints":{"allow":["GET"]}}],"collection":[{"href":"https:\/\/staging1.criacomhugo.com\/index.php\/wp-json\/wp\/v2\/pages"}],"about":[{"href":"https:\/\/staging1.criacomhugo.com\/index.php\/wp-json\/wp\/v2\/types\/page"}],"author":[{"embeddable":true,"href":"https:\/\/staging1.criacomhugo.com\/index.php\/wp-json\/wp\/v2\/users\/1"}],"replies":[{"embeddable":true,"href":"https:\/\/staging1.criacomhugo.com\/index.php\/wp-json\/wp\/v2\/comments?post=254"}],"version-history":[{"count":10,"href":"https:\/\/staging1.criacomhugo.com\/index.php\/wp-json\/wp\/v2\/pages\/254\/revisions"}],"predecessor-version":[{"id":296,"href":"https:\/\/staging1.criacomhugo.com\/index.php\/wp-json\/wp\/v2\/pages\/254\/revisions\/296"}],"wp:attachment":[{"href":"https:\/\/staging1.criacomhugo.com\/index.php\/wp-json\/wp\/v2\/media?parent=254"}],"curies":[{"name":"wp","href":"https:\/\/api.w.org\/{rel}","templated":true}]}}